{"id":748,"date":"2024-09-12T06:08:09","date_gmt":"2024-09-12T06:08:44","guid":{"rendered":"https:\/\/digitalnuggets.be\/?page_id=748"},"modified":"2025-09-22T13:46:05","modified_gmt":"2025-09-22T11:46:05","slug":"conditions-generales","status":"publish","type":"page","link":"https:\/\/digitalnuggets.be\/fr\/conditions-generales\/","title":{"rendered":"Conditions g\u00e9n\u00e9rales"},"content":{"rendered":"<section class=\"l-section wpb_row height_medium\"><div class=\"l-section-h i-cf\"><div class=\"g-cols vc_row via_flex valign_top type_default stacking_default\"><div class=\"vc_col-sm-8 wpb_column vc_column_container\"><div class=\"vc_column-inner\"><div class=\"wpb_wrapper\"><div class=\"wpb_text_column\"><div class=\"wpb_wrapper\"><h1>Conditions g\u00e9n\u00e9rales de vente<\/h1>\n<\/div><\/div><div class=\"w-separator size_medium\"><\/div><div class=\"wpb_text_column\"><div class=\"wpb_wrapper\"><p>Les pr\u00e9sentes conditions de vente s&rsquo;appliquent \u00e0 la relation contractuelle entre FCR Media Belgium SA, dont le si\u00e8ge social est situ\u00e9 Uitbreidingstraat 82, 2600 Berchem (ci-apr\u00e8s \u00ab FCR Media\u00a0\u00bb) et la personne (physique ou morale) qui ach\u00e8te le billet (ci-apr\u00e8s le \u00ab\u00a0Client \u00bb).<\/p>\n<p>Les billets peuvent \u00eatre achet\u00e9s en ligne ou sur place. Le processus de vente comprend les \u00e9tapes suivantes : indiquer le nombre de billets souhait\u00e9s, compl\u00e9ter la proc\u00e9dure de paiement et saisir les donn\u00e9es personnelles. Apr\u00e8s avoir effectu\u00e9 ces \u00e9tapes, vous recevrez un e-mail de confirmation avec les billets. Ces billets \u00e9lectroniques font office de billets d&rsquo;entr\u00e9e.<\/p>\n<p>Le Client n&rsquo;a pas le droit de renoncer \u00e0 son achat. Il n&rsquo;existe pas de droit de r\u00e9tractation.<\/p>\n<p><strong>Paiement<\/strong><\/p>\n<p>Les billets peuvent \u00eatre pay\u00e9s par [Bancontact, Maestro, Mastercard et Visa].<\/p>\n<p><strong>Billets<\/strong><\/p>\n<p>Les billets seront envoy\u00e9s par e-mail. Les billets \u00e9lectroniques doivent \u00eatre pr\u00e9sent\u00e9s \u00e0 l&rsquo;entr\u00e9e de l&rsquo;\u00e9v\u00e9nement. Les billets command\u00e9s ne seront ni rembours\u00e9s, ni repris, ni \u00e9chang\u00e9s.<\/p>\n<p>Le billet \u00e9lectronique, une fois sauvegard\u00e9 num\u00e9riquement sur un smartphone ou imprim\u00e9 sur du papier blanc, est votre seul billet pour l&rsquo;\u00e9v\u00e9nement. L&rsquo;impression doit \u00eatre parfaite, toutes les parties doivent \u00eatre clairement lisibles.<\/p>\n<p>En recevant le billet, le client renonce \u00e0 toute demande de dommages et int\u00e9r\u00eats, pour quelque raison que ce soit, \u00e0 l&rsquo;encontre du propri\u00e9taire du lieu, des organisateurs et de tout autre tiers impliqu\u00e9 dans la mise en place ou l&rsquo;organisation de l&rsquo;\u00e9v\u00e9nement.<\/p>\n<p><strong>Donn\u00e9es \u00e0 caract\u00e8re personnel<\/strong><\/p>\n<p>Lors de l&rsquo;achat de billets, vous devez laisser des donn\u00e9es personnelles. Sans ces donn\u00e9es, vous ne pourrez pas acheter de billets en ligne. Les donn\u00e9es que vous fournissez seront toujours trait\u00e9es conform\u00e9ment \u00e0 la l\u00e9gislation sur la protection de la vie priv\u00e9e. En achetant des billets, vous autorisez FCR Media \u00e0 traiter vos donn\u00e9es personnelles conform\u00e9ment \u00e0 notre politique de confidentialit\u00e9, que vous trouverez \u00e0 l&rsquo;adresse <span><a href=\"https:\/\/fcrmedia.be\/fr\/politique-de-confidentialite-fcr-media\/\">https:\/\/fcrmedia.be\/fr\/politique-de-confidentialite-fcr-media\/<\/a><\/span><\/p>\n<p><strong>Annulation de l&rsquo;\u00e9v\u00e9nement<\/strong><\/p>\n<p>Si FCR Media annule l&rsquo;\u00e9v\u00e9nement, les billets achet\u00e9s seront rembours\u00e9s.<\/p>\n<p><strong><span>Responsabilit\u00e9<\/span><\/strong><\/p>\n<p>FCR Media ne peut en aucun cas \u00eatre tenu responsable en cas de vol ou de perte d&rsquo;effets personnels sur le lieu de l&rsquo;\u00e9v\u00e9nement.<\/p>\n<p><strong>Autres<\/strong><\/p>\n<p>Si certaines dispositions des pr\u00e9sentes conditions de vente sont consid\u00e9r\u00e9es comme nulles et non avenues, les parties s&rsquo;engagent \u00e0 remplacer la clause nulle ou inapplicable par la clause la plus appropri\u00e9e afin que l&rsquo;intention commune des parties soit respect\u00e9e.<\/p>\n<p>La relation entre le Client et FCR Media est r\u00e9gie par le droit belge. En cas de litige, les tribunaux d&rsquo;Anvers sont exclusivement comp\u00e9tents.<\/p>\n<\/div><\/div><\/div><\/div><\/div><div class=\"vc_col-sm-4 wpb_column vc_column_container\"><div class=\"vc_column-inner\"><div class=\"wpb_wrapper\"><\/div><\/div><\/div><\/div><\/div><\/section>\n","protected":false},"excerpt":{"rendered":"Conditions g\u00e9n\u00e9rales de vente Les pr\u00e9sentes conditions de vente s&rsquo;appliquent \u00e0 la relation contractuelle entre FCR Media Belgium SA, dont le si\u00e8ge social est situ\u00e9 Uitbreidingstraat 82, 2600 Berchem (ci-apr\u00e8s \u00ab FCR Media\u00a0\u00bb) et la personne (physique ou morale) qui ach\u00e8te le billet (ci-apr\u00e8s le \u00ab\u00a0Client \u00bb). Les billets peuvent \u00eatre achet\u00e9s en ligne ou...","protected":false},"author":1,"featured_media":0,"parent":0,"menu_order":2,"comment_status":"closed","ping_status":"closed","template":"","meta":{"_acf_changed":false,"footnotes":""},"class_list":["post-748","page","type-page","status-publish","hentry"],"acf":[],"yoast_head":"<!-- This site is optimized with the Yoast SEO plugin v27.0 - https:\/\/yoast.com\/product\/yoast-seo-wordpress\/ -->\n<title>Conditions g\u00e9n\u00e9rales - Digital Nuggets<\/title>\n<meta name=\"robots\" content=\"index, follow, max-snippet:-1, max-image-preview:large, max-video-preview:-1\" \/>\n<link rel=\"canonical\" href=\"https:\/\/digitalnuggets.be\/fr\/conditions-generales\/\" \/>\n<meta property=\"og:locale\" content=\"fr_FR\" \/>\n<meta property=\"og:type\" content=\"article\" \/>\n<meta property=\"og:title\" content=\"Conditions g\u00e9n\u00e9rales - Digital Nuggets\" \/>\n<meta property=\"og:url\" content=\"https:\/\/digitalnuggets.be\/fr\/conditions-generales\/\" \/>\n<meta property=\"og:site_name\" content=\"Digital Nuggets\" \/>\n<meta property=\"article:modified_time\" content=\"2025-09-22T11:46:05+00:00\" \/>\n<meta name=\"twitter:card\" content=\"summary_large_image\" \/>\n<meta name=\"twitter:label1\" content=\"Dur\u00e9e de lecture estim\u00e9e\" \/>\n\t<meta name=\"twitter:data1\" content=\"3 minutes\" \/>\n<script type=\"application\/ld+json\" class=\"yoast-schema-graph\">{\"@context\":\"https:\/\/schema.org\",\"@graph\":[{\"@type\":\"WebPage\",\"@id\":\"https:\/\/digitalnuggets.be\/fr\/conditions-generales\/\",\"url\":\"https:\/\/digitalnuggets.be\/fr\/conditions-generales\/\",\"name\":\"Conditions g\u00e9n\u00e9rales - Digital Nuggets\",\"isPartOf\":{\"@id\":\"https:\/\/digitalnuggets.be\/#website\"},\"datePublished\":\"2024-09-12T06:08:44+00:00\",\"dateModified\":\"2025-09-22T11:46:05+00:00\",\"breadcrumb\":{\"@id\":\"https:\/\/digitalnuggets.be\/fr\/conditions-generales\/#breadcrumb\"},\"inLanguage\":\"fr-FR\",\"potentialAction\":[{\"@type\":\"ReadAction\",\"target\":[\"https:\/\/digitalnuggets.be\/fr\/conditions-generales\/\"]}]},{\"@type\":\"BreadcrumbList\",\"@id\":\"https:\/\/digitalnuggets.be\/fr\/conditions-generales\/#breadcrumb\",\"itemListElement\":[{\"@type\":\"ListItem\",\"position\":1,\"name\":\"Home\",\"item\":\"https:\/\/digitalnuggets.be\/fr\/\"},{\"@type\":\"ListItem\",\"position\":2,\"name\":\"Conditions g\u00e9n\u00e9rales\"}]},{\"@type\":\"WebSite\",\"@id\":\"https:\/\/digitalnuggets.be\/#website\",\"url\":\"https:\/\/digitalnuggets.be\/\",\"name\":\"Digital Nuggets\",\"description\":\"Instant digital insights\",\"potentialAction\":[{\"@type\":\"SearchAction\",\"target\":{\"@type\":\"EntryPoint\",\"urlTemplate\":\"https:\/\/digitalnuggets.be\/?s={search_term_string}\"},\"query-input\":{\"@type\":\"PropertyValueSpecification\",\"valueRequired\":true,\"valueName\":\"search_term_string\"}}],\"inLanguage\":\"fr-FR\"}]}<\/script>\n<!-- \/ Yoast SEO plugin. -->","yoast_head_json":{"title":"Conditions g\u00e9n\u00e9rales - Digital Nuggets","robots":{"index":"index","follow":"follow","max-snippet":"max-snippet:-1","max-image-preview":"max-image-preview:large","max-video-preview":"max-video-preview:-1"},"canonical":"https:\/\/digitalnuggets.be\/fr\/conditions-generales\/","og_locale":"fr_FR","og_type":"article","og_title":"Conditions g\u00e9n\u00e9rales - Digital Nuggets","og_url":"https:\/\/digitalnuggets.be\/fr\/conditions-generales\/","og_site_name":"Digital Nuggets","article_modified_time":"2025-09-22T11:46:05+00:00","twitter_card":"summary_large_image","twitter_misc":{"Dur\u00e9e de lecture estim\u00e9e":"3 minutes"},"schema":{"@context":"https:\/\/schema.org","@graph":[{"@type":"WebPage","@id":"https:\/\/digitalnuggets.be\/fr\/conditions-generales\/","url":"https:\/\/digitalnuggets.be\/fr\/conditions-generales\/","name":"Conditions g\u00e9n\u00e9rales - Digital Nuggets","isPartOf":{"@id":"https:\/\/digitalnuggets.be\/#website"},"datePublished":"2024-09-12T06:08:44+00:00","dateModified":"2025-09-22T11:46:05+00:00","breadcrumb":{"@id":"https:\/\/digitalnuggets.be\/fr\/conditions-generales\/#breadcrumb"},"inLanguage":"fr-FR","potentialAction":[{"@type":"ReadAction","target":["https:\/\/digitalnuggets.be\/fr\/conditions-generales\/"]}]},{"@type":"BreadcrumbList","@id":"https:\/\/digitalnuggets.be\/fr\/conditions-generales\/#breadcrumb","itemListElement":[{"@type":"ListItem","position":1,"name":"Home","item":"https:\/\/digitalnuggets.be\/fr\/"},{"@type":"ListItem","position":2,"name":"Conditions g\u00e9n\u00e9rales"}]},{"@type":"WebSite","@id":"https:\/\/digitalnuggets.be\/#website","url":"https:\/\/digitalnuggets.be\/","name":"Digital Nuggets","description":"Instant digital insights","potentialAction":[{"@type":"SearchAction","target":{"@type":"EntryPoint","urlTemplate":"https:\/\/digitalnuggets.be\/?s={search_term_string}"},"query-input":{"@type":"PropertyValueSpecification","valueRequired":true,"valueName":"search_term_string"}}],"inLanguage":"fr-FR"}]}},"_links":{"self":[{"href":"https:\/\/digitalnuggets.be\/fr\/wp-json\/wp\/v2\/pages\/748","targetHints":{"allow":["GET"]}}],"collection":[{"href":"https:\/\/digitalnuggets.be\/fr\/wp-json\/wp\/v2\/pages"}],"about":[{"href":"https:\/\/digitalnuggets.be\/fr\/wp-json\/wp\/v2\/types\/page"}],"author":[{"embeddable":true,"href":"https:\/\/digitalnuggets.be\/fr\/wp-json\/wp\/v2\/users\/1"}],"replies":[{"embeddable":true,"href":"https:\/\/digitalnuggets.be\/fr\/wp-json\/wp\/v2\/comments?post=748"}],"version-history":[{"count":5,"href":"https:\/\/digitalnuggets.be\/fr\/wp-json\/wp\/v2\/pages\/748\/revisions"}],"predecessor-version":[{"id":843,"href":"https:\/\/digitalnuggets.be\/fr\/wp-json\/wp\/v2\/pages\/748\/revisions\/843"}],"wp:attachment":[{"href":"https:\/\/digitalnuggets.be\/fr\/wp-json\/wp\/v2\/media?parent=748"}],"curies":[{"name":"wp","href":"https:\/\/api.w.org\/{rel}","templated":true}]}}